{"id":960,"date":"2017-07-28T10:13:24","date_gmt":"2017-07-28T15:13:24","guid":{"rendered":"https:\/\/yourpelvicfloor.org\/?page_id=960\/"},"modified":"2019-03-28T11:02:15","modified_gmt":"2019-03-28T16:02:15","slug":"folletos","status":"publish","type":"page","link":"https:\/\/www.yourpelvicfloor.org\/es\/folletos\/","title":{"rendered":"Folletos"},"content":{"rendered":"<p>IUGA se complace en ofrecer folletos informativos de pacientes en formato pdf para una descarga conveniente. Para una visualizaci\u00f3n \u00f3ptima, descargue o actualice la versi\u00f3n m\u00e1s reciente de Adobe Reader para ver los archivos pdf haciendo clic aqu\u00ed.<\/p>\n<p>Este contenido tambi\u00e9n est\u00e1 disponible en formato de folleto impreso. Para pedir, visite nuestra tienda en l\u00ednea en <a href=\"https:\/\/iugastore.com\" target=\"_blank\" rel=\"noopener noreferrer\">www.iugastore.com<\/a>. Tenga en cuenta que no todos los folletos est\u00e1n disponibles en todos los idiomas.<\/p>\n<p>Los folletos en idiomas extranjeros se a\u00f1adir\u00e1n peri\u00f3dicamente. Revise con frecuencia para ver si su idioma est\u00e1 disponible. Tambi\u00e9n puede ser voluntario para traducir un folleto en su lengua materna si cree que ser\u00eda \u00fatil para sus pacientes. Si usted est\u00e1 interesado, por favor contacte <a href=\"mailto:office@iuga.org\">office@iuga.org<\/a>.<\/p>\n","protected":false},"excerpt":{"rendered":"<p>IUGA se complace en ofrecer folletos informativos de pacientes en formato pdf para una descarga conveniente. Para una visualizaci\u00f3n \u00f3ptima, descargue o actualice la versi\u00f3n m\u00e1s reciente de Adobe Reader para ver los archivos pdf haciendo clic aqu\u00ed. Este contenido tambi\u00e9n est\u00e1 disponible en formato de folleto impreso. Para pedir, visite nuestra tienda en l\u00ednea<a class=\"read-more\" href=\"https:\/\/www.yourpelvicfloor.org\/es\/folletos\/\">&#8230; read more.<\/a><\/p>\n","protected":false},"author":4,"featured_media":0,"parent":0,"menu_order":8,"comment_status":"closed","ping_status":"closed","template":"templates\/leaflets.php","meta":{"_acf_changed":false,"inline_featured_image":false,"footnotes":""},"class_list":["post-960","page","type-page","status-publish","hentry"],"acf":[],"yoast_head":"<!-- This site is optimized with the Yoast SEO plugin v24.8.1 - https:\/\/yoast.com\/wordpress\/plugins\/seo\/ -->\n<title>Folletos - Your Pelvic Floor<\/title>\n<meta name=\"robots\" content=\"index, follow, max-snippet:-1, max-image-preview:large, max-video-preview:-1\" \/>\n<link rel=\"canonical\" href=\"https:\/\/www.yourpelvicfloor.org\/es\/folletos\/\" \/>\n<meta property=\"og:locale\" content=\"es_ES\" \/>\n<meta property=\"og:type\" content=\"article\" \/>\n<meta property=\"og:title\" content=\"Folletos - Your Pelvic Floor\" \/>\n<meta property=\"og:description\" content=\"IUGA se complace en ofrecer folletos informativos de pacientes en formato pdf para una descarga conveniente. Para una visualizaci\u00f3n \u00f3ptima, descargue o actualice la versi\u00f3n m\u00e1s reciente de Adobe Reader para ver los archivos pdf haciendo clic aqu\u00ed. Este contenido tambi\u00e9n est\u00e1 disponible en formato de folleto impreso. Para pedir, visite nuestra tienda en l\u00ednea... read more.\" \/>\n<meta property=\"og:url\" content=\"https:\/\/www.yourpelvicfloor.org\/es\/folletos\/\" \/>\n<meta property=\"og:site_name\" content=\"Your Pelvic Floor\" \/>\n<meta property=\"article:modified_time\" content=\"2019-03-28T16:02:15+00:00\" \/>\n<meta name=\"twitter:card\" content=\"summary_large_image\" \/>\n<meta name=\"twitter:label1\" content=\"Tiempo de lectura\" \/>\n\t<meta name=\"twitter:data1\" content=\"1 minuto\" \/>\n<script type=\"application\/ld+json\" class=\"yoast-schema-graph\">{\"@context\":\"https:\/\/schema.org\",\"@graph\":[{\"@type\":\"WebPage\",\"@id\":\"https:\/\/www.yourpelvicfloor.org\/es\/folletos\/\",\"url\":\"https:\/\/www.yourpelvicfloor.org\/es\/folletos\/\",\"name\":\"Folletos - Your Pelvic Floor\",\"isPartOf\":{\"@id\":\"https:\/\/www.yourpelvicfloor.org\/#website\"},\"datePublished\":\"2017-07-28T15:13:24+00:00\",\"dateModified\":\"2019-03-28T16:02:15+00:00\",\"breadcrumb\":{\"@id\":\"https:\/\/www.yourpelvicfloor.org\/es\/folletos\/#breadcrumb\"},\"inLanguage\":\"es\",\"potentialAction\":[{\"@type\":\"ReadAction\",\"target\":[\"https:\/\/www.yourpelvicfloor.org\/es\/folletos\/\"]}]},{\"@type\":\"BreadcrumbList\",\"@id\":\"https:\/\/www.yourpelvicfloor.org\/es\/folletos\/#breadcrumb\",\"itemListElement\":[{\"@type\":\"ListItem\",\"position\":1,\"name\":\"Home\",\"item\":\"https:\/\/www.yourpelvicfloor.org\/\"},{\"@type\":\"ListItem\",\"position\":2,\"name\":\"Folletos\"}]},{\"@type\":\"WebSite\",\"@id\":\"https:\/\/www.yourpelvicfloor.org\/#website\",\"url\":\"https:\/\/www.yourpelvicfloor.org\/\",\"name\":\"Your Pelvic Floor\",\"description\":\"Your Pelvic Floor\",\"publisher\":{\"@id\":\"https:\/\/www.yourpelvicfloor.org\/#organization\"},\"potentialAction\":[{\"@type\":\"SearchAction\",\"target\":{\"@type\":\"EntryPoint\",\"urlTemplate\":\"https:\/\/www.yourpelvicfloor.org\/?s={search_term_string}\"},\"query-input\":{\"@type\":\"PropertyValueSpecification\",\"valueRequired\":true,\"valueName\":\"search_term_string\"}}],\"inLanguage\":\"es\"},{\"@type\":\"Organization\",\"@id\":\"https:\/\/www.yourpelvicfloor.org\/#organization\",\"name\":\"Your Pelvic Floor\",\"url\":\"https:\/\/www.yourpelvicfloor.org\/\",\"logo\":{\"@type\":\"ImageObject\",\"inLanguage\":\"es\",\"@id\":\"https:\/\/www.yourpelvicfloor.org\/#\/schema\/logo\/image\/\",\"url\":\"https:\/\/www.yourpelvicfloor.org\/media\/Untitled-1.png\",\"contentUrl\":\"https:\/\/www.yourpelvicfloor.org\/media\/Untitled-1.png\",\"width\":250,\"height\":250,\"caption\":\"Your Pelvic Floor\"},\"image\":{\"@id\":\"https:\/\/www.yourpelvicfloor.org\/#\/schema\/logo\/image\/\"}}]}<\/script>\n<!-- \/ Yoast SEO plugin. -->","yoast_head_json":{"title":"Folletos - Your Pelvic Floor","robots":{"index":"index","follow":"follow","max-snippet":"max-snippet:-1","max-image-preview":"max-image-preview:large","max-video-preview":"max-video-preview:-1"},"canonical":"https:\/\/www.yourpelvicfloor.org\/es\/folletos\/","og_locale":"es_ES","og_type":"article","og_title":"Folletos - Your Pelvic Floor","og_description":"IUGA se complace en ofrecer folletos informativos de pacientes en formato pdf para una descarga conveniente. Para una visualizaci\u00f3n \u00f3ptima, descargue o actualice la versi\u00f3n m\u00e1s reciente de Adobe Reader para ver los archivos pdf haciendo clic aqu\u00ed. Este contenido tambi\u00e9n est\u00e1 disponible en formato de folleto impreso. Para pedir, visite nuestra tienda en l\u00ednea... read more.","og_url":"https:\/\/www.yourpelvicfloor.org\/es\/folletos\/","og_site_name":"Your Pelvic Floor","article_modified_time":"2019-03-28T16:02:15+00:00","twitter_card":"summary_large_image","twitter_misc":{"Tiempo de lectura":"1 minuto"},"schema":{"@context":"https:\/\/schema.org","@graph":[{"@type":"WebPage","@id":"https:\/\/www.yourpelvicfloor.org\/es\/folletos\/","url":"https:\/\/www.yourpelvicfloor.org\/es\/folletos\/","name":"Folletos - Your Pelvic Floor","isPartOf":{"@id":"https:\/\/www.yourpelvicfloor.org\/#website"},"datePublished":"2017-07-28T15:13:24+00:00","dateModified":"2019-03-28T16:02:15+00:00","breadcrumb":{"@id":"https:\/\/www.yourpelvicfloor.org\/es\/folletos\/#breadcrumb"},"inLanguage":"es","potentialAction":[{"@type":"ReadAction","target":["https:\/\/www.yourpelvicfloor.org\/es\/folletos\/"]}]},{"@type":"BreadcrumbList","@id":"https:\/\/www.yourpelvicfloor.org\/es\/folletos\/#breadcrumb","itemListElement":[{"@type":"ListItem","position":1,"name":"Home","item":"https:\/\/www.yourpelvicfloor.org\/"},{"@type":"ListItem","position":2,"name":"Folletos"}]},{"@type":"WebSite","@id":"https:\/\/www.yourpelvicfloor.org\/#website","url":"https:\/\/www.yourpelvicfloor.org\/","name":"Your Pelvic Floor","description":"Your Pelvic Floor","publisher":{"@id":"https:\/\/www.yourpelvicfloor.org\/#organization"},"potentialAction":[{"@type":"SearchAction","target":{"@type":"EntryPoint","urlTemplate":"https:\/\/www.yourpelvicfloor.org\/?s={search_term_string}"},"query-input":{"@type":"PropertyValueSpecification","valueRequired":true,"valueName":"search_term_string"}}],"inLanguage":"es"},{"@type":"Organization","@id":"https:\/\/www.yourpelvicfloor.org\/#organization","name":"Your Pelvic Floor","url":"https:\/\/www.yourpelvicfloor.org\/","logo":{"@type":"ImageObject","inLanguage":"es","@id":"https:\/\/www.yourpelvicfloor.org\/#\/schema\/logo\/image\/","url":"https:\/\/www.yourpelvicfloor.org\/media\/Untitled-1.png","contentUrl":"https:\/\/www.yourpelvicfloor.org\/media\/Untitled-1.png","width":250,"height":250,"caption":"Your Pelvic Floor"},"image":{"@id":"https:\/\/www.yourpelvicfloor.org\/#\/schema\/logo\/image\/"}}]}},"_links":{"self":[{"href":"https:\/\/www.yourpelvicfloor.org\/es\/wp-json\/wp\/v2\/pages\/960","targetHints":{"allow":["GET"]}}],"collection":[{"href":"https:\/\/www.yourpelvicfloor.org\/es\/wp-json\/wp\/v2\/pages"}],"about":[{"href":"https:\/\/www.yourpelvicfloor.org\/es\/wp-json\/wp\/v2\/types\/page"}],"author":[{"embeddable":true,"href":"https:\/\/www.yourpelvicfloor.org\/es\/wp-json\/wp\/v2\/users\/4"}],"replies":[{"embeddable":true,"href":"https:\/\/www.yourpelvicfloor.org\/es\/wp-json\/wp\/v2\/comments?post=960"}],"version-history":[{"count":3,"href":"https:\/\/www.yourpelvicfloor.org\/es\/wp-json\/wp\/v2\/pages\/960\/revisions"}],"predecessor-version":[{"id":2234,"href":"https:\/\/www.yourpelvicfloor.org\/es\/wp-json\/wp\/v2\/pages\/960\/revisions\/2234"}],"wp:attachment":[{"href":"https:\/\/www.yourpelvicfloor.org\/es\/wp-json\/wp\/v2\/media?parent=960"}],"curies":[{"name":"wp","href":"https:\/\/api.w.org\/{rel}","templated":true}]}}