{"id":2581,"date":"2019-07-17T03:59:40","date_gmt":"2019-07-17T08:59:40","guid":{"rendered":"https:\/\/www.yourpelvicfloor.org\/?page_id=2581"},"modified":"2019-08-28T08:11:38","modified_gmt":"2019-08-28T13:11:38","slug":"anonima-italia","status":"publish","type":"page","link":"https:\/\/www.yourpelvicfloor.org\/it\/anonima-italia\/","title":{"rendered":"Anonima, Italia"},"content":{"rendered":"\n<a href=\"https:\/\/www.yourpelvicfloor.org\/stress-urinary-incontinence\/anonymous-italy\/\" rel=\"noopener noreferrer\" class=\"btn btn-second btn-second-inverse callout-link\">\nLeggi in inglese<\/a>\n\n\n\n<p><strong>Prima del trattamento<\/strong> <br>Nel 2003 mi sono sottoposta ad un intervento chirurgico per risolvere la problematica dell&#8217;incontinenza urinaria di cui soffrivo da anni. Mi sono operata presso il reparto di ginecologia. Dopo circa 6 mesi, il problema si \u00e8 ripresentato: convivere, all&#8217;et\u00e0 di 40 anni, con una grave incontinenza urinaria, \u00e8 avvilente. Ero impossibilitata nello svolgimento di attivit\u00e0 quotidiane, quali: lavorare, camminare, sollevare bambini, fare qualunque tipo di attivit\u00e0 fisica. Il disagio era tangibile: cattivo odore e, conseguentemente, un continuo bisogno di servizi igienici a disposizione. Perfino ridere era ormai un problema. Ero assolutamente disperata. Ho preso un appuntamento. Il primo approccio suggeritomi \u00e8 stato un percorso fisioterapia pelvica. Questo per\u00f2, non si \u00e8 rivelato essere sufficiente per la mia problematica. In seconda battuta, la dottoressa ha definito un approccio chirurgico: posizionamento di Sling TOT.  <br><br><strong>Dopo il trattament<\/strong><br>Dopo l&#8217;intervento chirurgico, la mia vita \u00e8 cambiata. La degenza \u00e8 stata importante e attenta ma sono stata assolutamente ripagata: niente pi\u00f9 incontinenza urinaria, possibilit\u00e0 di fare sport in tutta libert\u00e0, addio disagi da cattivo odore, addio necessit\u00e0 di servizi igienici a disposizione, addio assorbenti e\/o slip igienici. Posso camminare, correre, stare in piedi per ore. L&#8217;intervento mi ha permesso di riprendere in mano la mia vita di mamma e di donna, prima di tutto. Lo consiglio caldamente a chi soffre di un disagio invalidante, spesso poco compreso dalle persone esterne.<\/p>\n","protected":false},"excerpt":{"rendered":"<p>Leggi in inglese Prima del trattamento Nel 2003 mi sono sottoposta ad un intervento chirurgico per risolvere la problematica dell&#8217;incontinenza urinaria di cui soffrivo da anni. Mi sono operata presso il reparto di ginecologia. Dopo circa 6 mesi, il problema si \u00e8 ripresentato: convivere, all&#8217;et\u00e0 di 40 anni, con una grave incontinenza urinaria, \u00e8 avvilente.<a class=\"read-more\" href=\"https:\/\/www.yourpelvicfloor.org\/it\/anonima-italia\/\">&#8230; read more.<\/a><\/p>\n","protected":false},"author":5,"featured_media":0,"parent":0,"menu_order":0,"comment_status":"closed","ping_status":"closed","template":"","meta":{"_acf_changed":false,"inline_featured_image":false,"footnotes":""},"class_list":["post-2581","page","type-page","status-publish","hentry"],"acf":[],"yoast_head":"<!-- This site is optimized with the Yoast SEO plugin v24.8.1 - https:\/\/yoast.com\/wordpress\/plugins\/seo\/ -->\n<title>Anonima, Italia - Your Pelvic Floor<\/title>\n<meta name=\"robots\" content=\"index, follow, max-snippet:-1, max-image-preview:large, max-video-preview:-1\" \/>\n<link rel=\"canonical\" href=\"https:\/\/www.yourpelvicfloor.org\/it\/anonima-italia\/\" \/>\n<meta property=\"og:locale\" content=\"it_IT\" \/>\n<meta property=\"og:type\" content=\"article\" \/>\n<meta property=\"og:title\" content=\"Anonima, Italia - Your Pelvic Floor\" \/>\n<meta property=\"og:description\" content=\"Leggi in inglese Prima del trattamento Nel 2003 mi sono sottoposta ad un intervento chirurgico per risolvere la problematica dell&#8217;incontinenza urinaria di cui soffrivo da anni. Mi sono operata presso il reparto di ginecologia. Dopo circa 6 mesi, il problema si \u00e8 ripresentato: convivere, all&#8217;et\u00e0 di 40 anni, con una grave incontinenza urinaria, \u00e8 avvilente.... read more.\" \/>\n<meta property=\"og:url\" content=\"https:\/\/www.yourpelvicfloor.org\/it\/anonima-italia\/\" \/>\n<meta property=\"og:site_name\" content=\"Your Pelvic Floor\" \/>\n<meta property=\"article:modified_time\" content=\"2019-08-28T13:11:38+00:00\" \/>\n<meta name=\"twitter:card\" content=\"summary_large_image\" \/>\n<meta name=\"twitter:label1\" content=\"Tempo di lettura stimato\" \/>\n\t<meta name=\"twitter:data1\" content=\"1 minuto\" \/>\n<script type=\"application\/ld+json\" class=\"yoast-schema-graph\">{\"@context\":\"https:\/\/schema.org\",\"@graph\":[{\"@type\":\"WebPage\",\"@id\":\"https:\/\/www.yourpelvicfloor.org\/it\/anonima-italia\/\",\"url\":\"https:\/\/www.yourpelvicfloor.org\/it\/anonima-italia\/\",\"name\":\"Anonima, Italia - Your Pelvic Floor\",\"isPartOf\":{\"@id\":\"https:\/\/www.yourpelvicfloor.org\/#website\"},\"datePublished\":\"2019-07-17T08:59:40+00:00\",\"dateModified\":\"2019-08-28T13:11:38+00:00\",\"breadcrumb\":{\"@id\":\"https:\/\/www.yourpelvicfloor.org\/it\/anonima-italia\/#breadcrumb\"},\"inLanguage\":\"it-IT\",\"potentialAction\":[{\"@type\":\"ReadAction\",\"target\":[\"https:\/\/www.yourpelvicfloor.org\/it\/anonima-italia\/\"]}]},{\"@type\":\"BreadcrumbList\",\"@id\":\"https:\/\/www.yourpelvicfloor.org\/it\/anonima-italia\/#breadcrumb\",\"itemListElement\":[{\"@type\":\"ListItem\",\"position\":1,\"name\":\"Home\",\"item\":\"https:\/\/www.yourpelvicfloor.org\/\"},{\"@type\":\"ListItem\",\"position\":2,\"name\":\"Anonima, Italia\"}]},{\"@type\":\"WebSite\",\"@id\":\"https:\/\/www.yourpelvicfloor.org\/#website\",\"url\":\"https:\/\/www.yourpelvicfloor.org\/\",\"name\":\"Your Pelvic Floor\",\"description\":\"Your Pelvic Floor\",\"publisher\":{\"@id\":\"https:\/\/www.yourpelvicfloor.org\/#organization\"},\"potentialAction\":[{\"@type\":\"SearchAction\",\"target\":{\"@type\":\"EntryPoint\",\"urlTemplate\":\"https:\/\/www.yourpelvicfloor.org\/?s={search_term_string}\"},\"query-input\":{\"@type\":\"PropertyValueSpecification\",\"valueRequired\":true,\"valueName\":\"search_term_string\"}}],\"inLanguage\":\"it-IT\"},{\"@type\":\"Organization\",\"@id\":\"https:\/\/www.yourpelvicfloor.org\/#organization\",\"name\":\"Your Pelvic Floor\",\"url\":\"https:\/\/www.yourpelvicfloor.org\/\",\"logo\":{\"@type\":\"ImageObject\",\"inLanguage\":\"it-IT\",\"@id\":\"https:\/\/www.yourpelvicfloor.org\/#\/schema\/logo\/image\/\",\"url\":\"https:\/\/www.yourpelvicfloor.org\/media\/Untitled-1.png\",\"contentUrl\":\"https:\/\/www.yourpelvicfloor.org\/media\/Untitled-1.png\",\"width\":250,\"height\":250,\"caption\":\"Your Pelvic Floor\"},\"image\":{\"@id\":\"https:\/\/www.yourpelvicfloor.org\/#\/schema\/logo\/image\/\"}}]}<\/script>\n<!-- \/ Yoast SEO plugin. -->","yoast_head_json":{"title":"Anonima, Italia - Your Pelvic Floor","robots":{"index":"index","follow":"follow","max-snippet":"max-snippet:-1","max-image-preview":"max-image-preview:large","max-video-preview":"max-video-preview:-1"},"canonical":"https:\/\/www.yourpelvicfloor.org\/it\/anonima-italia\/","og_locale":"it_IT","og_type":"article","og_title":"Anonima, Italia - Your Pelvic Floor","og_description":"Leggi in inglese Prima del trattamento Nel 2003 mi sono sottoposta ad un intervento chirurgico per risolvere la problematica dell&#8217;incontinenza urinaria di cui soffrivo da anni. Mi sono operata presso il reparto di ginecologia. Dopo circa 6 mesi, il problema si \u00e8 ripresentato: convivere, all&#8217;et\u00e0 di 40 anni, con una grave incontinenza urinaria, \u00e8 avvilente.... read more.","og_url":"https:\/\/www.yourpelvicfloor.org\/it\/anonima-italia\/","og_site_name":"Your Pelvic Floor","article_modified_time":"2019-08-28T13:11:38+00:00","twitter_card":"summary_large_image","twitter_misc":{"Tempo di lettura stimato":"1 minuto"},"schema":{"@context":"https:\/\/schema.org","@graph":[{"@type":"WebPage","@id":"https:\/\/www.yourpelvicfloor.org\/it\/anonima-italia\/","url":"https:\/\/www.yourpelvicfloor.org\/it\/anonima-italia\/","name":"Anonima, Italia - Your Pelvic Floor","isPartOf":{"@id":"https:\/\/www.yourpelvicfloor.org\/#website"},"datePublished":"2019-07-17T08:59:40+00:00","dateModified":"2019-08-28T13:11:38+00:00","breadcrumb":{"@id":"https:\/\/www.yourpelvicfloor.org\/it\/anonima-italia\/#breadcrumb"},"inLanguage":"it-IT","potentialAction":[{"@type":"ReadAction","target":["https:\/\/www.yourpelvicfloor.org\/it\/anonima-italia\/"]}]},{"@type":"BreadcrumbList","@id":"https:\/\/www.yourpelvicfloor.org\/it\/anonima-italia\/#breadcrumb","itemListElement":[{"@type":"ListItem","position":1,"name":"Home","item":"https:\/\/www.yourpelvicfloor.org\/"},{"@type":"ListItem","position":2,"name":"Anonima, Italia"}]},{"@type":"WebSite","@id":"https:\/\/www.yourpelvicfloor.org\/#website","url":"https:\/\/www.yourpelvicfloor.org\/","name":"Your Pelvic Floor","description":"Your Pelvic Floor","publisher":{"@id":"https:\/\/www.yourpelvicfloor.org\/#organization"},"potentialAction":[{"@type":"SearchAction","target":{"@type":"EntryPoint","urlTemplate":"https:\/\/www.yourpelvicfloor.org\/?s={search_term_string}"},"query-input":{"@type":"PropertyValueSpecification","valueRequired":true,"valueName":"search_term_string"}}],"inLanguage":"it-IT"},{"@type":"Organization","@id":"https:\/\/www.yourpelvicfloor.org\/#organization","name":"Your Pelvic Floor","url":"https:\/\/www.yourpelvicfloor.org\/","logo":{"@type":"ImageObject","inLanguage":"it-IT","@id":"https:\/\/www.yourpelvicfloor.org\/#\/schema\/logo\/image\/","url":"https:\/\/www.yourpelvicfloor.org\/media\/Untitled-1.png","contentUrl":"https:\/\/www.yourpelvicfloor.org\/media\/Untitled-1.png","width":250,"height":250,"caption":"Your Pelvic Floor"},"image":{"@id":"https:\/\/www.yourpelvicfloor.org\/#\/schema\/logo\/image\/"}}]}},"_links":{"self":[{"href":"https:\/\/www.yourpelvicfloor.org\/it\/wp-json\/wp\/v2\/pages\/2581","targetHints":{"allow":["GET"]}}],"collection":[{"href":"https:\/\/www.yourpelvicfloor.org\/it\/wp-json\/wp\/v2\/pages"}],"about":[{"href":"https:\/\/www.yourpelvicfloor.org\/it\/wp-json\/wp\/v2\/types\/page"}],"author":[{"embeddable":true,"href":"https:\/\/www.yourpelvicfloor.org\/it\/wp-json\/wp\/v2\/users\/5"}],"replies":[{"embeddable":true,"href":"https:\/\/www.yourpelvicfloor.org\/it\/wp-json\/wp\/v2\/comments?post=2581"}],"version-history":[{"count":9,"href":"https:\/\/www.yourpelvicfloor.org\/it\/wp-json\/wp\/v2\/pages\/2581\/revisions"}],"predecessor-version":[{"id":2672,"href":"https:\/\/www.yourpelvicfloor.org\/it\/wp-json\/wp\/v2\/pages\/2581\/revisions\/2672"}],"wp:attachment":[{"href":"https:\/\/www.yourpelvicfloor.org\/it\/wp-json\/wp\/v2\/media?parent=2581"}],"curies":[{"name":"wp","href":"https:\/\/api.w.org\/{rel}","templated":true}]}}